{"id":6415,"date":"2020-12-21T11:37:21","date_gmt":"2020-12-21T11:37:21","guid":{"rendered":"https:\/\/ticket-bai.com\/politica-de-cookies\/"},"modified":"2025-09-25T17:05:19","modified_gmt":"2025-09-25T16:05:19","slug":"cookie-politika","status":"publish","type":"page","link":"https:\/\/ticket-bai.com\/eu\/cookie-politika\/","title":{"rendered":"Cookie politika"},"content":{"rendered":"\n<h1 class=\"wp-block-heading\">Pol\u00edtica de cookies<\/h1>\n\n\n\n<p> <\/p>\n\n\n\n<p>Una cookie es un fichero que se descarga en el ordenador\/smartphone\/tablet del usuario al acceder a determinadas p\u00e1ginas web para almacenar y recuperar informaci\u00f3n sobre la navegaci\u00f3n que se efect\u00faa desde dicho equipo. Para conocer m\u00e1s informaci\u00f3n sobre las cookies, My Expenses, S.L. (\u201cMy Expenses\u201d) le invita a acceder al siguiente enlace:<\/p>\n\n\n\n<p>www.iabspain.net\/privacidadeninternet\/usuario<\/p>\n\n\n\n<p>My Expenses utiliza en esta web las siguientes tipos de cookies:<\/p>\n\n\n\n<p>(i) Cookies de control que son estrictamente necesarias para la prestaci\u00f3n correcta de determinados servicios solicitados expresamente por el usuario que requieren memorizar datos o situaciones: si se desactivan estas cookies, no podr\u00e1 recibir correctamente nuestros contenidos y servicios.<\/p>\n\n\n\n<p>(ii) Cookies anal\u00edticas para el seguimiento y an\u00e1lisis estad\u00edstico del comportamiento del conjunto de los usuarios.<\/p>\n\n\n\n<p>(iii) Cookies de personalizaci\u00f3n para permitir al usuario navegar por el sitio web con algunas caracter\u00edsticas generales predefinidas por \u00e9l.<\/p>\n\n\n\n<p>(iv) Cookies publicitarias: Gracias a estas cookies, podemos gestionar de manera m\u00e1s efectiva los espacios en los que aparece nuestra publicidad, ya sea en nuestra web o en sitios de terceros (por ejemplo, nos permiten saber cu\u00e1ntas personas han hecho clic en los anuncios que publicamos en otros sitios web). Aunque no son necesarias para la navegaci\u00f3n por el sitio web, nos permitir\u00e1n mostrar publicidad adaptada a las preferencias de los usuarios tras analizar el comportamiento de estos en el sitio web.<\/p>\n\n\n\n<p>En el siguiente cuadro se detallan los tipos de cookies usados en nuestra web, los datos que recogen, su finalidad y modo de desactivaci\u00f3n:<\/p>\n\n\n\n<figure class=\"wp-block-image size-full\"><img decoding=\"async\" width=\"1096\" height=\"1873\" src=\"https:\/\/ticket-bai.com\/wp-content\/uploads\/2020\/12\/tabla-cookies.jpg\" alt=\"\" class=\"wp-image-6291\" srcset=\"https:\/\/ticket-bai.com\/wp-content\/uploads\/2020\/12\/tabla-cookies.jpg 1096w, https:\/\/ticket-bai.com\/wp-content\/uploads\/2020\/12\/tabla-cookies-176x300.jpg 176w, https:\/\/ticket-bai.com\/wp-content\/uploads\/2020\/12\/tabla-cookies-599x1024.jpg 599w, https:\/\/ticket-bai.com\/wp-content\/uploads\/2020\/12\/tabla-cookies-768x1312.jpg 768w, https:\/\/ticket-bai.com\/wp-content\/uploads\/2020\/12\/tabla-cookies-899x1536.jpg 899w\" sizes=\"(max-width: 1096px) 100vw, 1096px\" \/><\/figure>\n\n\n\n<p>(*) La informaci\u00f3n obtenida a trav\u00e9s de estas cookies, referida al equipo del usuario, podr\u00e1 ser combinada con sus datos personales s\u00f3lo si Ud. est\u00e1 registrado en esta web.<\/p>\n\n\n\n<p>(**) Sin perjuicio de los sistemas de opt-out espec\u00edficos de los terceros, se recuerda al usuario que podr\u00e1 -en cualquier momento- desactivar el funcionamiento de estas cookies en la web mediante la configuraci\u00f3n del navegador; por ejemplo:<\/p>\n\n\n\n<p>\u2022&nbsp;<a href=\"http:\/\/support.google.com\/chrome\/bin\/answer.py?hl=es&amp;answer=95647\" target=\"_blank\" rel=\"noreferrer noopener\">Chrome<\/a><\/p>\n\n\n\n<p>\u2022&nbsp;<a href=\"http:\/\/windows.microsoft.com\/es-es\/windows7\/how-to-manage-cookies-in-internet-explorer-9\" target=\"_blank\" rel=\"noreferrer noopener\">Explorer<\/a><\/p>\n\n\n\n<p>\u2022&nbsp;<a href=\"http:\/\/support.mozilla.org\/es\/kb\/habilitar-y-deshabilitar-cookies-que-los-sitios-we\" target=\"_blank\" rel=\"noreferrer noopener\">Firefox<\/a><\/p>\n\n\n\n<p>\u2022&nbsp;<a href=\"http:\/\/support.apple.com\/kb\/ph5042\" target=\"_blank\" rel=\"noreferrer noopener\">Safari<\/a><\/p>\n\n\n\n<p>1 El aviso de la primera capa debe aparecer en un lugar prominente, permanente y no evanescente.<\/p>\n\n\n\n<p>2 Independiente de las condiciones generales<\/p>\n\n\n\n<p>My Expenses no se hace responsable del contenido y veracidad de las pol\u00edticas de privacidad de los terceros incluidas en esta pol\u00edtica de cookies.<\/p>\n\n\n\n<p>Si tiene dudas sobre esta pol\u00edtica de cookies, puede contactar con My Expenses en: info@billin.eu<\/p>\n\n\n\n<p>Fecha: Noviembre 2014<\/p>\n\n\n\n<p>\u00a9 Madrid, My Expenses, S.L., 2014<\/p>\n","protected":false},"excerpt":{"rendered":"<p>Pol\u00edtica de cookies Una cookie es un fichero que se descarga en el ordenador\/smartphone\/tablet del usuario al acceder a determinadas p\u00e1ginas web para almacenar y recuperar informaci\u00f3n sobre la navegaci\u00f3n&#8230;<\/p>\n","protected":false},"author":1,"featured_media":0,"parent":0,"menu_order":0,"comment_status":"closed","ping_status":"closed","template":"","meta":{"om_disable_all_campaigns":false,"footnotes":""},"class_list":["post-6415","page","type-page","status-publish"],"yoast_head":"<!-- This site is optimized with the Yoast SEO plugin v27.1 - https:\/\/yoast.com\/product\/yoast-seo-wordpress\/ -->\n<title>Cookie politika - Ticket-bai.com<\/title>\n<meta name=\"robots\" content=\"index, follow, max-snippet:-1, max-image-preview:large, max-video-preview:-1\" \/>\n<link rel=\"canonical\" href=\"https:\/\/ticket-bai.com\/eu\/cookie-politika\/\" \/>\n<meta property=\"og:locale\" content=\"eu_ES\" \/>\n<meta property=\"og:type\" content=\"article\" \/>\n<meta property=\"og:title\" content=\"Cookie politika - Ticket-bai.com\" \/>\n<meta property=\"og:description\" content=\"Pol\u00edtica de cookies Una cookie es un fichero que se descarga en el ordenador\/smartphone\/tablet del usuario al acceder a determinadas p\u00e1ginas web para almacenar y recuperar informaci\u00f3n sobre la navegaci\u00f3n...\" \/>\n<meta property=\"og:url\" content=\"https:\/\/ticket-bai.com\/eu\/cookie-politika\/\" \/>\n<meta property=\"og:site_name\" content=\"Ticket-bai.com\" \/>\n<meta property=\"article:modified_time\" content=\"2025-09-25T16:05:19+00:00\" \/>\n<meta property=\"og:image\" content=\"https:\/\/ticket-bai.com\/wp-content\/uploads\/2020\/12\/tabla-cookies.jpg\" \/>\n<meta name=\"twitter:card\" content=\"summary_large_image\" \/>\n<meta name=\"twitter:label1\" content=\"Est. reading time\" \/>\n\t<meta name=\"twitter:data1\" content=\"2 minutes\" \/>\n<script type=\"application\/ld+json\" class=\"yoast-schema-graph\">{\"@context\":\"https:\/\/schema.org\",\"@graph\":[{\"@type\":\"WebPage\",\"@id\":\"https:\/\/ticket-bai.com\/eu\/cookie-politika\/\",\"url\":\"https:\/\/ticket-bai.com\/eu\/cookie-politika\/\",\"name\":\"Cookie politika - Ticket-bai.com\",\"isPartOf\":{\"@id\":\"https:\/\/ticket-bai.com\/#website\"},\"primaryImageOfPage\":{\"@id\":\"https:\/\/ticket-bai.com\/eu\/cookie-politika\/#primaryimage\"},\"image\":{\"@id\":\"https:\/\/ticket-bai.com\/eu\/cookie-politika\/#primaryimage\"},\"thumbnailUrl\":\"https:\/\/ticket-bai.com\/wp-content\/uploads\/2020\/12\/tabla-cookies.jpg\",\"datePublished\":\"2020-12-21T11:37:21+00:00\",\"dateModified\":\"2025-09-25T16:05:19+00:00\",\"breadcrumb\":{\"@id\":\"https:\/\/ticket-bai.com\/eu\/cookie-politika\/#breadcrumb\"},\"inLanguage\":\"eu-ES\",\"potentialAction\":[{\"@type\":\"ReadAction\",\"target\":[\"https:\/\/ticket-bai.com\/eu\/cookie-politika\/\"]}]},{\"@type\":\"ImageObject\",\"inLanguage\":\"eu-ES\",\"@id\":\"https:\/\/ticket-bai.com\/eu\/cookie-politika\/#primaryimage\",\"url\":\"https:\/\/ticket-bai.com\/wp-content\/uploads\/2020\/12\/tabla-cookies.jpg\",\"contentUrl\":\"https:\/\/ticket-bai.com\/wp-content\/uploads\/2020\/12\/tabla-cookies.jpg\"},{\"@type\":\"BreadcrumbList\",\"@id\":\"https:\/\/ticket-bai.com\/eu\/cookie-politika\/#breadcrumb\",\"itemListElement\":[{\"@type\":\"ListItem\",\"position\":1,\"name\":\"Portada\",\"item\":\"https:\/\/ticket-bai.com\/eu\/\"},{\"@type\":\"ListItem\",\"position\":2,\"name\":\"Cookie politika\"}]},{\"@type\":\"WebSite\",\"@id\":\"https:\/\/ticket-bai.com\/#website\",\"url\":\"https:\/\/ticket-bai.com\/\",\"name\":\"Ticket-bai.com\",\"description\":\"Programa de factura electr\u00f3nica TicketBAI\",\"publisher\":{\"@id\":\"https:\/\/ticket-bai.com\/#organization\"},\"potentialAction\":[{\"@type\":\"SearchAction\",\"target\":{\"@type\":\"EntryPoint\",\"urlTemplate\":\"https:\/\/ticket-bai.com\/?s={search_term_string}\"},\"query-input\":{\"@type\":\"PropertyValueSpecification\",\"valueRequired\":true,\"valueName\":\"search_term_string\"}}],\"inLanguage\":\"eu-ES\"},{\"@type\":\"Organization\",\"@id\":\"https:\/\/ticket-bai.com\/#organization\",\"name\":\"Ticket-bai.com\",\"url\":\"https:\/\/ticket-bai.com\/\",\"logo\":{\"@type\":\"ImageObject\",\"inLanguage\":\"eu-ES\",\"@id\":\"https:\/\/ticket-bai.com\/#\/schema\/logo\/image\/\",\"url\":\"https:\/\/ticket-bai.com\/wp-content\/uploads\/2021\/01\/TicketBAI-x2.png\",\"contentUrl\":\"https:\/\/ticket-bai.com\/wp-content\/uploads\/2021\/01\/TicketBAI-x2.png\",\"width\":234,\"height\":40,\"caption\":\"Ticket-bai.com\"},\"image\":{\"@id\":\"https:\/\/ticket-bai.com\/#\/schema\/logo\/image\/\"}}]}<\/script>\n<!-- \/ Yoast SEO plugin. -->","yoast_head_json":{"title":"Cookie politika - Ticket-bai.com","robots":{"index":"index","follow":"follow","max-snippet":"max-snippet:-1","max-image-preview":"max-image-preview:large","max-video-preview":"max-video-preview:-1"},"canonical":"https:\/\/ticket-bai.com\/eu\/cookie-politika\/","og_locale":"eu_ES","og_type":"article","og_title":"Cookie politika - Ticket-bai.com","og_description":"Pol\u00edtica de cookies Una cookie es un fichero que se descarga en el ordenador\/smartphone\/tablet del usuario al acceder a determinadas p\u00e1ginas web para almacenar y recuperar informaci\u00f3n sobre la navegaci\u00f3n...","og_url":"https:\/\/ticket-bai.com\/eu\/cookie-politika\/","og_site_name":"Ticket-bai.com","article_modified_time":"2025-09-25T16:05:19+00:00","og_image":[{"url":"https:\/\/ticket-bai.com\/wp-content\/uploads\/2020\/12\/tabla-cookies.jpg","type":"","width":"","height":""}],"twitter_card":"summary_large_image","twitter_misc":{"Est. reading time":"2 minutes"},"schema":{"@context":"https:\/\/schema.org","@graph":[{"@type":"WebPage","@id":"https:\/\/ticket-bai.com\/eu\/cookie-politika\/","url":"https:\/\/ticket-bai.com\/eu\/cookie-politika\/","name":"Cookie politika - Ticket-bai.com","isPartOf":{"@id":"https:\/\/ticket-bai.com\/#website"},"primaryImageOfPage":{"@id":"https:\/\/ticket-bai.com\/eu\/cookie-politika\/#primaryimage"},"image":{"@id":"https:\/\/ticket-bai.com\/eu\/cookie-politika\/#primaryimage"},"thumbnailUrl":"https:\/\/ticket-bai.com\/wp-content\/uploads\/2020\/12\/tabla-cookies.jpg","datePublished":"2020-12-21T11:37:21+00:00","dateModified":"2025-09-25T16:05:19+00:00","breadcrumb":{"@id":"https:\/\/ticket-bai.com\/eu\/cookie-politika\/#breadcrumb"},"inLanguage":"eu-ES","potentialAction":[{"@type":"ReadAction","target":["https:\/\/ticket-bai.com\/eu\/cookie-politika\/"]}]},{"@type":"ImageObject","inLanguage":"eu-ES","@id":"https:\/\/ticket-bai.com\/eu\/cookie-politika\/#primaryimage","url":"https:\/\/ticket-bai.com\/wp-content\/uploads\/2020\/12\/tabla-cookies.jpg","contentUrl":"https:\/\/ticket-bai.com\/wp-content\/uploads\/2020\/12\/tabla-cookies.jpg"},{"@type":"BreadcrumbList","@id":"https:\/\/ticket-bai.com\/eu\/cookie-politika\/#breadcrumb","itemListElement":[{"@type":"ListItem","position":1,"name":"Portada","item":"https:\/\/ticket-bai.com\/eu\/"},{"@type":"ListItem","position":2,"name":"Cookie politika"}]},{"@type":"WebSite","@id":"https:\/\/ticket-bai.com\/#website","url":"https:\/\/ticket-bai.com\/","name":"Ticket-bai.com","description":"Programa de factura electr\u00f3nica TicketBAI","publisher":{"@id":"https:\/\/ticket-bai.com\/#organization"},"potentialAction":[{"@type":"SearchAction","target":{"@type":"EntryPoint","urlTemplate":"https:\/\/ticket-bai.com\/?s={search_term_string}"},"query-input":{"@type":"PropertyValueSpecification","valueRequired":true,"valueName":"search_term_string"}}],"inLanguage":"eu-ES"},{"@type":"Organization","@id":"https:\/\/ticket-bai.com\/#organization","name":"Ticket-bai.com","url":"https:\/\/ticket-bai.com\/","logo":{"@type":"ImageObject","inLanguage":"eu-ES","@id":"https:\/\/ticket-bai.com\/#\/schema\/logo\/image\/","url":"https:\/\/ticket-bai.com\/wp-content\/uploads\/2021\/01\/TicketBAI-x2.png","contentUrl":"https:\/\/ticket-bai.com\/wp-content\/uploads\/2021\/01\/TicketBAI-x2.png","width":234,"height":40,"caption":"Ticket-bai.com"},"image":{"@id":"https:\/\/ticket-bai.com\/#\/schema\/logo\/image\/"}}]}},"_links":{"self":[{"href":"https:\/\/ticket-bai.com\/eu\/wp-json\/wp\/v2\/pages\/6415","targetHints":{"allow":["GET"]}}],"collection":[{"href":"https:\/\/ticket-bai.com\/eu\/wp-json\/wp\/v2\/pages"}],"about":[{"href":"https:\/\/ticket-bai.com\/eu\/wp-json\/wp\/v2\/types\/page"}],"author":[{"embeddable":true,"href":"https:\/\/ticket-bai.com\/eu\/wp-json\/wp\/v2\/users\/1"}],"replies":[{"embeddable":true,"href":"https:\/\/ticket-bai.com\/eu\/wp-json\/wp\/v2\/comments?post=6415"}],"version-history":[{"count":1,"href":"https:\/\/ticket-bai.com\/eu\/wp-json\/wp\/v2\/pages\/6415\/revisions"}],"predecessor-version":[{"id":6421,"href":"https:\/\/ticket-bai.com\/eu\/wp-json\/wp\/v2\/pages\/6415\/revisions\/6421"}],"wp:attachment":[{"href":"https:\/\/ticket-bai.com\/eu\/wp-json\/wp\/v2\/media?parent=6415"}],"curies":[{"name":"wp","href":"https:\/\/api.w.org\/{rel}","templated":true}]}}