{"id":6417,"date":"2020-11-26T10:19:06","date_gmt":"2020-11-26T10:19:06","guid":{"rendered":"https:\/\/ticket-bai.com\/politica-privacidad\/"},"modified":"2025-09-25T17:05:19","modified_gmt":"2025-09-25T16:05:19","slug":"pribatutasun-politika","status":"publish","type":"page","link":"https:\/\/ticket-bai.com\/eu\/pribatutasun-politika\/","title":{"rendered":"Pribatutasun politika"},"content":{"rendered":"\n<h1 class=\"wp-block-heading\">Pol\u00edtica de privacidad<\/h1>\n\n\n\n<p> <\/p>\n\n\n\n<p>Nuestra Pol\u00edtica de Privacidad se basa en el Reglamento (UE) 2016\/679 General de Protecci\u00f3n de Datos del Parlamento Europeo y del Consejo, de 27 de abril de 2016.<\/p>\n\n\n\n<p><strong>Nuestros datos de contacto<\/strong><\/p>\n\n\n\n<p>MY EXPENSES, S.L.<br>Calle Talavera 4, Loft 2,<br>28016 Madrid<br>info@billin.eu<\/p>\n\n\n\n<p>+34 91 831 88 83<\/p>\n\n\n\n<p>Email: diego.goya@billin.eu<\/p>\n\n\n\n<p><strong>Delegado de Protecci\u00f3n de Datos:<\/strong>&nbsp;Puedes contactar con nuestro Delegado de Protecci\u00f3n de Datos dirigi\u00e9ndote por mail a diego.goya@billin.eu.<\/p>\n\n\n\n<p><strong>\u00bfPara qu\u00e9 utilizamos los datos personales?<\/strong><\/p>\n\n\n\n<p><em>Para prestar nuestros servicios<\/em><\/p>\n\n\n\n<p>Como responsables del tratamiento, utilizamos los datos personales identificativos de nuestros Usuarios para la prestaci\u00f3n de nuestros servicios.<\/p>\n\n\n\n<p>En nuestras&nbsp;<a href=\"https:\/\/ticket-bai.com\/condiciones-legales\/\"><strong><u>Condiciones Legales<\/u><\/strong><\/a>&nbsp;puedes ver que nuestros Usuarios pueden ser Proveedores y Clientes. Los clientes de nuestros Usuarios Proveedores pueden ver, descargar y pagar las facturas que emiten \u00e9stos y, adicionalmente, si lo desean, registrarse en Facturas Billin y guardar las facturas de sus proveedores en nuestra plataforma, en cuyo caso tambi\u00e9n pasan a formar parte de nuestros Usuarios como Clientes.<\/p>\n\n\n\n<p>Las facturas que generan los Usuarios en Facturas Billin, y todos los datos asociados a las mismas (por ejemplo, importes, fechas, plazos de vencimiento, aceptaci\u00f3n o realizaci\u00f3n de observaciones, pagos\/cobros, etc.) se almacenan en nuestra plataforma&nbsp;<em>(Amazon Cloud)<\/em>, formando parte de nuestros servicios el guardar dichos datos como encargados del tratamiento.<\/p>\n\n\n\n<p>Tambi\u00e9n como encargados del tratamiento utilizamos las credenciales bancarias (c\u00f3digos o contrase\u00f1as) que el propio Usuario nos facilita para acceder a sus cuentas bancarias y extraer la informaci\u00f3n necesaria para prestar el servicio de cotejo o&nbsp;<em>matching&nbsp;<\/em>de los movimientos con las facturas abonadas o pendientes de pago, que Facturas Billin subcontrata a proveedores tecnol\u00f3gicos.<\/p>\n\n\n\n<p>Asimismo, Facturas Billin ofrece al Usuario la posibilidad de elegir el sistema de cobro de sus facturas mediante pago con tarjeta de cr\u00e9dito, para lo cual Facturas Billin establece acuerdos con entidades colaboradoras, como por ejemplo prestadores de servicios de pago, siendo por ello tambi\u00e9n necesario que dichos terceros accedan a los datos, con las debidas garant\u00edas.<\/p>\n\n\n\n<p><em>Para ofrecer a nuestros Usuarios servicios de terceros y para poder consultar tu historial crediticio para el desarrollo de nuevos productos con nuestros parnters<\/em><\/p>\n\n\n\n<p>Tambi\u00e9n utilizamos los datos de nuestros Usuarios, con su consentimiento, para poder consultar su historial crediticio a trav\u00e9s de empresas y\/u organizaciones debidamente acreditadas para ello, con la finalidad de poder compartirlo con nuestros partners, de manera agregada, para el desarrollo de productos y servicios que pueden resultar de su inter\u00e9s.<\/p>\n\n\n\n<p><strong>\u00bfCon qu\u00e9 bases jur\u00eddicas tratamos los datos personales?<\/strong><\/p>\n\n\n\n<p>Tratamos datos personales siempre que se cumpla al menos una de las siguientes condiciones:<\/p>\n\n\n\n<ol class=\"wp-block-list\"><li>Que el interesado nos haya dado su consentimiento.<\/li><li>Que sea necesario para prestar nuestros servicios al Usuario.<\/li><li>Que sea necesario para el cumplimiento de nuestras obligaciones legales.<\/li><li>Y tambi\u00e9n por nuestro inter\u00e9s leg\u00edtimo en promocionar nuestros servicios y difundir nuestra marca mediante acciones de marketing, siempre que sobre dicho inter\u00e9s no prevalezcan intereses o derechos y libertades fundamentales que requieran la protecci\u00f3n de datos personales.<\/li><\/ol>\n\n\n\n<p><strong>\u00bfA qu\u00e9 posibles destinatarios podemos comunicar los datos personales?<\/strong><\/p>\n\n\n\n<p>\u00danicamente compartimos los datos personales de nuestros Usuarios con nuestros proveedores tecnol\u00f3gicos (por ejemplo para el mantenimiento de nuestros sistemas o para la prestaci\u00f3n del servicio de cotejo de movimientos bancarios y pagos de facturas), y con las entidades colaboradoras que prestan servicios a los Usuarios de Facturas Billin (tales como prestadores de medios de pago que permiten al Usuario optar por cobrar sus facturas por tarjeta de cr\u00e9dito). Asimismo, tambi\u00e9n podemos compartir datos con nuestros partners, \u00fanicamente con fines estad\u00edsticos de an\u00e1lisis, en el caso de que ofrezcan nuestros servicios a sus clientes.<\/p>\n\n\n\n<p>En los casos en que veamos la necesidad de transferir datos personales a destinatarios ubicados en pa\u00edses que no pertenezcan a la UE, o que no garanticen un nivel de protecci\u00f3n equiparable al derivado del Reglamento (UE) 2016\/679, lo hacemos \u00fanicamente con el consentimiento del interesado y con las garant\u00edas adecuadas.<\/p>\n\n\n\n<p><strong>\u00bfDurante cu\u00e1nto tiempo conservamos los datos?<\/strong><\/p>\n\n\n\n<p>Conservamos los datos personales durante el tiempo de prestaci\u00f3n de nuestros servicios, y con posterioridad durante el plazo que en cada caso consideramos necesario para poder justificar y\/o rendir cuentas respecto de nuestra gesti\u00f3n, lo que puede ir vinculado a plazos legales de prescripci\u00f3n, o a la posibilidad de recibir requerimientos de autoridades competentes.<\/p>\n\n\n\n<p><strong>\u00bfQu\u00e9 medidas de seguridad aplicamos?<\/strong><\/p>\n\n\n\n<p>Aplicamos medidas t\u00e9cnicas y organizativas para garantizar el nivel de seguridad adecuado de conformidad con la normativa aplicable.<\/p>\n\n\n\n<p><strong>\u00bfQu\u00e9 derechos tienes y c\u00f3mo ejercerlos?<\/strong><\/p>\n\n\n\n<p>Puedes solicitar el acceso a tus datos personales, su rectificaci\u00f3n o supresi\u00f3n, portabilidad, o la limitaci\u00f3n de su tratamiento, o puedes oponerte al tratamiento, dirigi\u00e9ndote a Facturas Billin (utilizando los datos de contacto que te facilitamos al principio de esta Pol\u00edtica de Privacidad). En cuanto a tratamientos basados en el consentimiento, puedes retirar tu consentimiento en cualquier momento. Asimismo, tienes derecho a reclamar ante la Agencia Espa\u00f1ola de Protecci\u00f3n de Datos.<\/p>\n\n\n\n<p><strong>Revisi\u00f3n y actualizaci\u00f3n<\/strong><\/p>\n\n\n\n<p>La presente Pol\u00edtica de Privacidad se revisa y actualiza al menos anualmente.<\/p>\n","protected":false},"excerpt":{"rendered":"<p>Pol\u00edtica de privacidad Nuestra Pol\u00edtica de Privacidad se basa en el Reglamento (UE) 2016\/679 General de Protecci\u00f3n de Datos del Parlamento Europeo y del Consejo, de 27 de abril de&#8230;<\/p>\n","protected":false},"author":1,"featured_media":0,"parent":0,"menu_order":0,"comment_status":"closed","ping_status":"open","template":"","meta":{"om_disable_all_campaigns":false,"footnotes":""},"class_list":["post-6417","page","type-page","status-publish"],"yoast_head":"<!-- This site is optimized with the Yoast SEO plugin v27.1 - https:\/\/yoast.com\/product\/yoast-seo-wordpress\/ -->\n<title>Pribatutasun politika - Ticket-bai.com<\/title>\n<meta name=\"robots\" content=\"index, follow, max-snippet:-1, max-image-preview:large, max-video-preview:-1\" \/>\n<link rel=\"canonical\" href=\"https:\/\/ticket-bai.com\/eu\/pribatutasun-politika\/\" \/>\n<meta property=\"og:locale\" content=\"eu_ES\" \/>\n<meta property=\"og:type\" content=\"article\" \/>\n<meta property=\"og:title\" content=\"Pribatutasun politika - Ticket-bai.com\" \/>\n<meta property=\"og:description\" content=\"Pol\u00edtica de privacidad Nuestra Pol\u00edtica de Privacidad se basa en el Reglamento (UE) 2016\/679 General de Protecci\u00f3n de Datos del Parlamento Europeo y del Consejo, de 27 de abril de...\" \/>\n<meta property=\"og:url\" content=\"https:\/\/ticket-bai.com\/eu\/pribatutasun-politika\/\" \/>\n<meta property=\"og:site_name\" content=\"Ticket-bai.com\" \/>\n<meta property=\"article:modified_time\" content=\"2025-09-25T16:05:19+00:00\" \/>\n<meta name=\"twitter:card\" content=\"summary_large_image\" \/>\n<meta name=\"twitter:label1\" content=\"Est. reading time\" \/>\n\t<meta name=\"twitter:data1\" content=\"4 minutes\" \/>\n<script type=\"application\/ld+json\" class=\"yoast-schema-graph\">{\"@context\":\"https:\/\/schema.org\",\"@graph\":[{\"@type\":\"WebPage\",\"@id\":\"https:\/\/ticket-bai.com\/eu\/pribatutasun-politika\/\",\"url\":\"https:\/\/ticket-bai.com\/eu\/pribatutasun-politika\/\",\"name\":\"Pribatutasun politika - Ticket-bai.com\",\"isPartOf\":{\"@id\":\"https:\/\/ticket-bai.com\/#website\"},\"datePublished\":\"2020-11-26T10:19:06+00:00\",\"dateModified\":\"2025-09-25T16:05:19+00:00\",\"breadcrumb\":{\"@id\":\"https:\/\/ticket-bai.com\/eu\/pribatutasun-politika\/#breadcrumb\"},\"inLanguage\":\"eu-ES\",\"potentialAction\":[{\"@type\":\"ReadAction\",\"target\":[\"https:\/\/ticket-bai.com\/eu\/pribatutasun-politika\/\"]}]},{\"@type\":\"BreadcrumbList\",\"@id\":\"https:\/\/ticket-bai.com\/eu\/pribatutasun-politika\/#breadcrumb\",\"itemListElement\":[{\"@type\":\"ListItem\",\"position\":1,\"name\":\"Portada\",\"item\":\"https:\/\/ticket-bai.com\/eu\/\"},{\"@type\":\"ListItem\",\"position\":2,\"name\":\"Pribatutasun politika\"}]},{\"@type\":\"WebSite\",\"@id\":\"https:\/\/ticket-bai.com\/#website\",\"url\":\"https:\/\/ticket-bai.com\/\",\"name\":\"Ticket-bai.com\",\"description\":\"Programa de factura electr\u00f3nica TicketBAI\",\"publisher\":{\"@id\":\"https:\/\/ticket-bai.com\/#organization\"},\"potentialAction\":[{\"@type\":\"SearchAction\",\"target\":{\"@type\":\"EntryPoint\",\"urlTemplate\":\"https:\/\/ticket-bai.com\/?s={search_term_string}\"},\"query-input\":{\"@type\":\"PropertyValueSpecification\",\"valueRequired\":true,\"valueName\":\"search_term_string\"}}],\"inLanguage\":\"eu-ES\"},{\"@type\":\"Organization\",\"@id\":\"https:\/\/ticket-bai.com\/#organization\",\"name\":\"Ticket-bai.com\",\"url\":\"https:\/\/ticket-bai.com\/\",\"logo\":{\"@type\":\"ImageObject\",\"inLanguage\":\"eu-ES\",\"@id\":\"https:\/\/ticket-bai.com\/#\/schema\/logo\/image\/\",\"url\":\"https:\/\/ticket-bai.com\/wp-content\/uploads\/2021\/01\/TicketBAI-x2.png\",\"contentUrl\":\"https:\/\/ticket-bai.com\/wp-content\/uploads\/2021\/01\/TicketBAI-x2.png\",\"width\":234,\"height\":40,\"caption\":\"Ticket-bai.com\"},\"image\":{\"@id\":\"https:\/\/ticket-bai.com\/#\/schema\/logo\/image\/\"}}]}<\/script>\n<!-- \/ Yoast SEO plugin. -->","yoast_head_json":{"title":"Pribatutasun politika - Ticket-bai.com","robots":{"index":"index","follow":"follow","max-snippet":"max-snippet:-1","max-image-preview":"max-image-preview:large","max-video-preview":"max-video-preview:-1"},"canonical":"https:\/\/ticket-bai.com\/eu\/pribatutasun-politika\/","og_locale":"eu_ES","og_type":"article","og_title":"Pribatutasun politika - Ticket-bai.com","og_description":"Pol\u00edtica de privacidad Nuestra Pol\u00edtica de Privacidad se basa en el Reglamento (UE) 2016\/679 General de Protecci\u00f3n de Datos del Parlamento Europeo y del Consejo, de 27 de abril de...","og_url":"https:\/\/ticket-bai.com\/eu\/pribatutasun-politika\/","og_site_name":"Ticket-bai.com","article_modified_time":"2025-09-25T16:05:19+00:00","twitter_card":"summary_large_image","twitter_misc":{"Est. reading time":"4 minutes"},"schema":{"@context":"https:\/\/schema.org","@graph":[{"@type":"WebPage","@id":"https:\/\/ticket-bai.com\/eu\/pribatutasun-politika\/","url":"https:\/\/ticket-bai.com\/eu\/pribatutasun-politika\/","name":"Pribatutasun politika - Ticket-bai.com","isPartOf":{"@id":"https:\/\/ticket-bai.com\/#website"},"datePublished":"2020-11-26T10:19:06+00:00","dateModified":"2025-09-25T16:05:19+00:00","breadcrumb":{"@id":"https:\/\/ticket-bai.com\/eu\/pribatutasun-politika\/#breadcrumb"},"inLanguage":"eu-ES","potentialAction":[{"@type":"ReadAction","target":["https:\/\/ticket-bai.com\/eu\/pribatutasun-politika\/"]}]},{"@type":"BreadcrumbList","@id":"https:\/\/ticket-bai.com\/eu\/pribatutasun-politika\/#breadcrumb","itemListElement":[{"@type":"ListItem","position":1,"name":"Portada","item":"https:\/\/ticket-bai.com\/eu\/"},{"@type":"ListItem","position":2,"name":"Pribatutasun politika"}]},{"@type":"WebSite","@id":"https:\/\/ticket-bai.com\/#website","url":"https:\/\/ticket-bai.com\/","name":"Ticket-bai.com","description":"Programa de factura electr\u00f3nica TicketBAI","publisher":{"@id":"https:\/\/ticket-bai.com\/#organization"},"potentialAction":[{"@type":"SearchAction","target":{"@type":"EntryPoint","urlTemplate":"https:\/\/ticket-bai.com\/?s={search_term_string}"},"query-input":{"@type":"PropertyValueSpecification","valueRequired":true,"valueName":"search_term_string"}}],"inLanguage":"eu-ES"},{"@type":"Organization","@id":"https:\/\/ticket-bai.com\/#organization","name":"Ticket-bai.com","url":"https:\/\/ticket-bai.com\/","logo":{"@type":"ImageObject","inLanguage":"eu-ES","@id":"https:\/\/ticket-bai.com\/#\/schema\/logo\/image\/","url":"https:\/\/ticket-bai.com\/wp-content\/uploads\/2021\/01\/TicketBAI-x2.png","contentUrl":"https:\/\/ticket-bai.com\/wp-content\/uploads\/2021\/01\/TicketBAI-x2.png","width":234,"height":40,"caption":"Ticket-bai.com"},"image":{"@id":"https:\/\/ticket-bai.com\/#\/schema\/logo\/image\/"}}]}},"_links":{"self":[{"href":"https:\/\/ticket-bai.com\/eu\/wp-json\/wp\/v2\/pages\/6417","targetHints":{"allow":["GET"]}}],"collection":[{"href":"https:\/\/ticket-bai.com\/eu\/wp-json\/wp\/v2\/pages"}],"about":[{"href":"https:\/\/ticket-bai.com\/eu\/wp-json\/wp\/v2\/types\/page"}],"author":[{"embeddable":true,"href":"https:\/\/ticket-bai.com\/eu\/wp-json\/wp\/v2\/users\/1"}],"replies":[{"embeddable":true,"href":"https:\/\/ticket-bai.com\/eu\/wp-json\/wp\/v2\/comments?post=6417"}],"version-history":[{"count":3,"href":"https:\/\/ticket-bai.com\/eu\/wp-json\/wp\/v2\/pages\/6417\/revisions"}],"predecessor-version":[{"id":7976,"href":"https:\/\/ticket-bai.com\/eu\/wp-json\/wp\/v2\/pages\/6417\/revisions\/7976"}],"wp:attachment":[{"href":"https:\/\/ticket-bai.com\/eu\/wp-json\/wp\/v2\/media?parent=6417"}],"curies":[{"name":"wp","href":"https:\/\/api.w.org\/{rel}","templated":true}]}}